{"id":425,"date":"2021-06-03T10:47:54","date_gmt":"2021-06-03T08:47:54","guid":{"rendered":"http:\/\/ecolesaintjosephlamartyre.com\/?page_id=425"},"modified":"2026-01-28T17:44:20","modified_gmt":"2026-01-28T16:44:20","slug":"le-menu-de-la-semaine","status":"publish","type":"page","link":"https:\/\/ecolesaintjosephlamartyre.com\/index.php\/le-menu-de-la-semaine\/","title":{"rendered":"Le menu de la semaine"},"content":{"rendered":"\t\t<div data-elementor-type=\"wp-page\" data-elementor-id=\"425\" class=\"elementor elementor-425\">\n\t\t\t\t<div class=\"elementor-element elementor-element-3eafc5b6 e-con-full e-flex tmpcoder-jarallax-no tmpcoder-parallax-no tmpcoder-particle-no tmpcoder-sticky-section-no e-con e-parent\" data-id=\"3eafc5b6\" data-element_type=\"container\" data-e-type=\"container\" data-settings=\"{&quot;background_background&quot;:&quot;gradient&quot;}\">\n\t\t<div class=\"elementor-element elementor-element-29b8f9fc e-con-full e-flex tmpcoder-jarallax-no tmpcoder-parallax-no tmpcoder-particle-no tmpcoder-sticky-section-no e-con e-child\" data-id=\"29b8f9fc\" data-element_type=\"container\" data-e-type=\"container\">\n\t\t\t\t<div class=\"elementor-element elementor-element-3ced004f elementor-widget__width-initial elementor-widget elementor-widget-heading\" data-id=\"3ced004f\" data-element_type=\"widget\" data-e-type=\"widget\" data-settings=\"{&quot;_animation&quot;:&quot;none&quot;}\" data-widget_type=\"heading.default\">\n\t\t\t\t\t<h2 class=\"elementor-heading-title elementor-size-default\">La cantine<\/h2>\t\t\t\t<\/div>\n\t\t\t\t<\/div>\n\t\t<div class=\"elementor-element elementor-element-ebd2b82 e-con-full e-flex tmpcoder-jarallax-no tmpcoder-parallax-no tmpcoder-particle-no tmpcoder-sticky-section-no e-con e-child\" data-id=\"ebd2b82\" data-element_type=\"container\" data-e-type=\"container\">\n\t\t\t\t<div class=\"elementor-element elementor-element-326fbe6a elementor-widget__width-initial elementor-widget elementor-widget-image\" data-id=\"326fbe6a\" data-element_type=\"widget\" data-e-type=\"widget\" data-widget_type=\"image.default\">\n\t\t\t\t\t\t\t\t\t\t\t\t\t\t\t<img fetchpriority=\"high\" decoding=\"async\" width=\"280\" height=\"182\" src=\"https:\/\/ecolesaintjosephlamartyre.com\/wp-content\/uploads\/2021\/05\/rr.jpg\" class=\"attachment-large size-large wp-image-32\" alt=\"\" \/>\t\t\t\t\t\t\t\t\t\t\t\t\t\t\t<\/div>\n\t\t\t\t<\/div>\n\t\t\t\t<\/div>\n\t\t<div class=\"elementor-element elementor-element-d79f19b e-flex e-con-boxed tmpcoder-jarallax-no tmpcoder-parallax-no tmpcoder-particle-no tmpcoder-sticky-section-no e-con e-parent\" data-id=\"d79f19b\" data-element_type=\"container\" data-e-type=\"container\">\n\t\t\t\t\t<div class=\"e-con-inner\">\n\t\t\t\t<div class=\"elementor-element elementor-element-3a229422 elementor-widget elementor-widget-heading\" data-id=\"3a229422\" data-element_type=\"widget\" data-e-type=\"widget\" data-widget_type=\"heading.default\">\n\t\t\t\t\t<h2 class=\"elementor-heading-title elementor-size-default\">Le fonctionnement de la cantine<\/h2>\t\t\t\t<\/div>\n\t\t\t\t\t<\/div>\n\t\t\t\t<\/div>\n\t\t<div class=\"elementor-element elementor-element-7bc0bcad e-flex e-con-boxed tmpcoder-jarallax-no tmpcoder-parallax-no tmpcoder-particle-no tmpcoder-sticky-section-no e-con e-parent\" data-id=\"7bc0bcad\" data-element_type=\"container\" data-e-type=\"container\">\n\t\t\t\t\t<div class=\"e-con-inner\">\n\t\t\t\t<div class=\"elementor-element elementor-element-36206462 elementor-widget elementor-widget-text-editor\" data-id=\"36206462\" data-element_type=\"widget\" data-e-type=\"widget\" data-widget_type=\"text-editor.default\">\n\t\t\t\t\t\t\t\t\t<p>Les enfants mangent \u00e0 la cantine municipale, b\u00e2timent situ\u00e9 tout pr\u00e8s de l\u2019\u00e9cole, avec un chemin s\u00e9curis\u00e9. <strong><u>L\u2019inscription en cantine se fait par la mairie<\/u><\/strong>. <br \/><br \/>Un planning est fourni par l\u2019enseignante aux familles de maternelle, mais ne sert qu\u2019\u00e0 faciliter l\u2019organisation de la classe. <br \/><br \/><strong>Toute pr\u00e9sence ou absence \u00e0 la cantine est donc \u00e0 signaler en mairie.<\/strong><\/p>\t\t\t\t\t\t\t\t<\/div>\n\t\t\t\t\t<\/div>\n\t\t\t\t<\/div>\n\t\t\t\t<\/div>\n\t\t","protected":false},"excerpt":{"rendered":"<p>La cantine Le fonctionnement de la cantine Les enfants mangent \u00e0 la cantine municipale, b\u00e2timent situ\u00e9 tout pr\u00e8s de l\u2019\u00e9cole, avec un chemin s\u00e9curis\u00e9. L\u2019inscription en cantine se fait par la mairie. Un planning est fourni par l\u2019enseignante aux familles de maternelle, mais ne sert qu\u2019\u00e0 faciliter l\u2019organisation de la classe. Toute pr\u00e9sence ou absence [&hellip;]<\/p>\n","protected":false},"author":1,"featured_media":0,"parent":0,"menu_order":0,"comment_status":"closed","ping_status":"closed","template":"elementor_header_footer","meta":{"footnotes":""},"class_list":["post-425","page","type-page","status-publish","hentry"],"_links":{"self":[{"href":"https:\/\/ecolesaintjosephlamartyre.com\/index.php\/wp-json\/wp\/v2\/pages\/425","targetHints":{"allow":["GET"]}}],"collection":[{"href":"https:\/\/ecolesaintjosephlamartyre.com\/index.php\/wp-json\/wp\/v2\/pages"}],"about":[{"href":"https:\/\/ecolesaintjosephlamartyre.com\/index.php\/wp-json\/wp\/v2\/types\/page"}],"author":[{"embeddable":true,"href":"https:\/\/ecolesaintjosephlamartyre.com\/index.php\/wp-json\/wp\/v2\/users\/1"}],"replies":[{"embeddable":true,"href":"https:\/\/ecolesaintjosephlamartyre.com\/index.php\/wp-json\/wp\/v2\/comments?post=425"}],"version-history":[{"count":0,"href":"https:\/\/ecolesaintjosephlamartyre.com\/index.php\/wp-json\/wp\/v2\/pages\/425\/revisions"}],"wp:attachment":[{"href":"https:\/\/ecolesaintjosephlamartyre.com\/index.php\/wp-json\/wp\/v2\/media?parent=425"}],"curies":[{"name":"wp","href":"https:\/\/api.w.org\/{rel}","templated":true}]}}