{"id":357,"date":"2021-05-25T23:11:21","date_gmt":"2021-05-25T21:11:21","guid":{"rendered":"http:\/\/ecolesaintjosephlamartyre.com\/?page_id=357"},"modified":"2026-01-28T17:46:54","modified_gmt":"2026-01-28T16:46:54","slug":"les-horaires","status":"publish","type":"page","link":"https:\/\/ecolesaintjosephlamartyre.com\/index.php\/les-horaires\/","title":{"rendered":"Les horaires"},"content":{"rendered":"\t\t<div data-elementor-type=\"wp-page\" data-elementor-id=\"357\" class=\"elementor elementor-357\">\n\t\t\t\t<div class=\"elementor-element elementor-element-66ee78a3 e-con-full e-flex tmpcoder-jarallax-no tmpcoder-parallax-no tmpcoder-particle-no tmpcoder-sticky-section-no e-con e-parent\" data-id=\"66ee78a3\" data-element_type=\"container\" data-e-type=\"container\" data-settings=\"{&quot;background_background&quot;:&quot;gradient&quot;}\">\n\t\t<div class=\"elementor-element elementor-element-13320438 e-con-full e-flex tmpcoder-jarallax-no tmpcoder-parallax-no tmpcoder-particle-no tmpcoder-sticky-section-no e-con e-child\" data-id=\"13320438\" data-element_type=\"container\" data-e-type=\"container\">\n\t\t\t\t<div class=\"elementor-element elementor-element-2982cb4 elementor-widget__width-initial elementor-widget elementor-widget-heading\" data-id=\"2982cb4\" data-element_type=\"widget\" data-e-type=\"widget\" data-settings=\"{&quot;_animation&quot;:&quot;none&quot;}\" data-widget_type=\"heading.default\">\n\t\t\t\t\t<h2 class=\"elementor-heading-title elementor-size-default\">Les horaires<\/h2>\t\t\t\t<\/div>\n\t\t\t\t<\/div>\n\t\t<div class=\"elementor-element elementor-element-641c4c07 e-con-full e-flex tmpcoder-jarallax-no tmpcoder-parallax-no tmpcoder-particle-no tmpcoder-sticky-section-no e-con e-child\" data-id=\"641c4c07\" data-element_type=\"container\" data-e-type=\"container\">\n\t\t\t\t<div class=\"elementor-element elementor-element-2b28dd3c elementor-widget__width-initial elementor-widget elementor-widget-image\" data-id=\"2b28dd3c\" data-element_type=\"widget\" data-e-type=\"widget\" data-widget_type=\"image.default\">\n\t\t\t\t\t\t\t\t\t\t\t\t\t\t\t<img fetchpriority=\"high\" decoding=\"async\" width=\"640\" height=\"430\" src=\"https:\/\/ecolesaintjosephlamartyre.com\/wp-content\/uploads\/2026\/01\/horaire-ete.webp\" class=\"attachment-large size-large wp-image-2410\" alt=\"\" srcset=\"https:\/\/ecolesaintjosephlamartyre.com\/wp-content\/uploads\/2026\/01\/horaire-ete.webp 700w, https:\/\/ecolesaintjosephlamartyre.com\/wp-content\/uploads\/2026\/01\/horaire-ete-300x201.webp 300w, https:\/\/ecolesaintjosephlamartyre.com\/wp-content\/uploads\/2026\/01\/horaire-ete-610x410.webp 610w, https:\/\/ecolesaintjosephlamartyre.com\/wp-content\/uploads\/2026\/01\/horaire-ete-480x322.webp 480w\" sizes=\"(max-width: 640px) 100vw, 640px\" \/>\t\t\t\t\t\t\t\t\t\t\t\t\t\t\t<\/div>\n\t\t\t\t<\/div>\n\t\t\t\t<\/div>\n\t\t<div class=\"elementor-element elementor-element-b69eade e-flex e-con-boxed tmpcoder-jarallax-no tmpcoder-parallax-no tmpcoder-particle-no tmpcoder-sticky-section-no e-con e-parent\" data-id=\"b69eade\" data-element_type=\"container\" data-e-type=\"container\">\n\t\t\t\t\t<div class=\"e-con-inner\">\n\t\t\t\t<div class=\"elementor-element elementor-element-581300c tmpcoder-data-table-type-custom tmpcoder-table-align-items-left elementor-widget elementor-widget-tmpcoder-data-table\" data-id=\"581300c\" data-element_type=\"widget\" data-e-type=\"widget\" data-widget_type=\"tmpcoder-data-table.default\">\n\t\t\t\t<div class=\"elementor-widget-container\">\n\t\t\t\t\t\n\t\t\t\t\n\t\t<div class=\"tmpcoder-table-container\">\n\t\t<div class=\"tmpcoder-table-inner-container \" data-table-sorting=\"no\" data-custom-pagination=\"no\" data-row-pagination=\"\" data-entry-info=\"no\" data-rows-per-page=\"\">\n\t\t\n\t\t\t<table class=\"tmpcoder-data-table\" id=\"tmpcoder-data-table\">\n\t\t\t\t\t\t\t\t\n\t\t\t\t<thead>\n\t\t\t\t\t<tr class=\"tmpcoder-table-head-row tmpcoder-table-row\">\n\t\t\t\t\t\n\t\t\t\t\t\t<th class=\"tmpcoder-table-th elementor-repeater-item-4fea22b\" colspan=\"1\">                            <div class=\"\">\n\t\t\t\t\t\t\t\t\t\t\t\t\t\t\t\t\n\t\t\t\t\t\t\t\t\t\t\t\t\t\t\t\t\t\t\t\t\t\t\t\t\t\t\t\t\t\t\t\t\t\t\t\t\t\t\t\t\t\t\t\t\t\t\t<\/div>\n\t\t\t\t\t\t<\/th>\n\t\t\t\t\t\t\n\t\t\t\t\t\t<th class=\"tmpcoder-table-th elementor-repeater-item-b5c78ce\" colspan=\"1\">                            <div class=\"\">\n\t\t\t\t\t\t\t\t\t\t\t\t\t\t\t\t\n\t\t\t\t\t\t\t\t\t\t\t\t\t\t\t\t\t<span class=\"tmpcoder-table-text\">Matin (accueil \u00e9chelonn\u00e9 en classe de 8h35 \u00e0 8h45 pour chaque classe)<\/span>\n\t\t\t\t\t\t\t\t\t\t\t\t\t\t\t\t\t\t\t\t\t\t\t\t\t\t\t\t\t\t\t\t\t\t\t\t\t\t\t\t\t\t\t\t\t\t\t<\/div>\n\t\t\t\t\t\t<\/th>\n\t\t\t\t\t\t\n\t\t\t\t\t\t<th class=\"tmpcoder-table-th elementor-repeater-item-c2056f2\" colspan=\"1\">                            <div class=\"\">\n\t\t\t\t\t\t\t\t\t\t\t\t\t\t\t\t\n\t\t\t\t\t\t\t\t\t\t\t\t\t\t\t\t\t<span class=\"tmpcoder-table-text\">Apr\u00e8s-midi<\/span>\n\t\t\t\t\t\t\t\t\t\t\t\t\t\t\t\t\t\t\t\t\t\t\t\t\t\t\t\t\t\t\t\t\t\t\t\t\t\t\t\t\t\t\t\t\t\t\t<\/div>\n\t\t\t\t\t\t<\/th>\n\t\t\t\t\t\t\t\t\t\t\t<\/tr>\n\t\t\t\t<\/thead>\n\n\t\t\t\t<tbody>\n\t\t\t\t\t\t\t\t\t<tr class=\"tmpcoder-table-body-row tmpcoder-table-row elementor-repeater-item-8b0e54b tmpcoder-odd\">\t\t\t\t\t\t\t\t\t\t\t\t\t\n                                <td colspan=\"\" rowspan=\"\" class=\"elementor-repeater-item-af44e8d tmpcoder-table-td\">\n\t\t\t\t\t\t\t\t<div class=\"tmpcoder-td-content-wrapper \">\n\n\t\t\t\t\t\t\t\t\t\t\t\t\t\t\t\t\t\t\t\t\t\t\t\t\t\t\t\t\t<a href=\"https:\/\/support.templatescoder.com\/\" target=\"_blank\">\n\t\t\t\t\t\t\t\t\t \n\t\t\t\t\t\t\t\t\t\t\t<span class=\"tmpcoder-table-text\">\n\t\t\t\t\t\t\t\t\t\t\t\tLundi\t\t\t\t\t\t\t\t\t\t\t<\/span>\n\t\t\t\t\t\t\t\t\t\t\t\t\t\t\t\t\t\t\t\t<\/a>\n\t\t\t\t\t\t\t\t\t\t\t\t\t\t\t\t\t\t\t\t\t\t\t\t\t\t\t\t\n\t\t\t\t\t\t\t\t<\/div>\n\n\t\t\t\t\t\t\t<\/td>\n\t\t\t\t\t\t\t\t\t\t\t\t\t\t\t\n                                <td colspan=\"\" rowspan=\"\" class=\"elementor-repeater-item-e7edc3c tmpcoder-table-td\">\n\t\t\t\t\t\t\t\t<div class=\"tmpcoder-td-content-wrapper \">\n\n\t\t\t\t\t\t\t\t\t\t\t\t\t\t\t\t\t\t\t\t\t\t\t\t\t\t\t\t\t<a href=\"https:\/\/support.templatescoder.com\/\" target=\"_blank\">\n\t\t\t\t\t\t\t\t\t \n\t\t\t\t\t\t\t\t\t\t\t<span class=\"tmpcoder-table-text\">\n\t\t\t\t\t\t\t\t\t\t\t\t8h45 \/ 12h\t\t\t\t\t\t\t\t\t\t\t<\/span>\n\t\t\t\t\t\t\t\t\t\t\t\t\t\t\t\t\t\t\t\t<\/a>\n\t\t\t\t\t\t\t\t\t\t\t\t\t\t\t\t\t\t\t\t\t\t\t\t\t\t\t\t\n\t\t\t\t\t\t\t\t<\/div>\n\n\t\t\t\t\t\t\t<\/td>\n\t\t\t\t\t\t\t\t\t\t\t\t\t\t\t\n                                <td colspan=\"\" rowspan=\"\" class=\"elementor-repeater-item-9ed6abb tmpcoder-table-td\">\n\t\t\t\t\t\t\t\t<div class=\"tmpcoder-td-content-wrapper \">\n\n\t\t\t\t\t\t\t\t\t\t\t\t\t\t\t\t\t\t\t\t\t\t\t\t\t\t\t\t\t<a href=\"https:\/\/support.templatescoder.com\/\" target=\"_blank\">\n\t\t\t\t\t\t\t\t\t \n\t\t\t\t\t\t\t\t\t\t\t<span class=\"tmpcoder-table-text\">\n\t\t\t\t\t\t\t\t\t\t\t\t13h30 \/ 16h30\t\t\t\t\t\t\t\t\t\t\t<\/span>\n\t\t\t\t\t\t\t\t\t\t\t\t\t\t\t\t\t\t\t\t<\/a>\n\t\t\t\t\t\t\t\t\t\t\t\t\t\t\t\t\t\t\t\t\t\t\t\t\t\t\t\t\n\t\t\t\t\t\t\t\t<\/div>\n\n\t\t\t\t\t\t\t<\/td>\n\t\t\t\t\t\t\t\t\t\t\t\t<\/tr>\n\t\t\t        \t\t\t\t\t<tr class=\"tmpcoder-table-body-row tmpcoder-table-row elementor-repeater-item-d132a8f tmpcoder-odd\">\t\t\t\t\t\t\t\t\t\t\t\t\t\n                                <td colspan=\"\" rowspan=\"\" class=\"elementor-repeater-item-f64126e tmpcoder-table-td\">\n\t\t\t\t\t\t\t\t<div class=\"tmpcoder-td-content-wrapper \">\n\n\t\t\t\t\t\t\t\t\t\t\t\t\t\t\t\t\t\t\t\t\t\t\t\t\t\t\t\t\t<a href=\"https:\/\/support.templatescoder.com\/\" target=\"_blank\">\n\t\t\t\t\t\t\t\t\t \n\t\t\t\t\t\t\t\t\t\t\t<span class=\"tmpcoder-table-text\">\n\t\t\t\t\t\t\t\t\t\t\t\tMardi\t\t\t\t\t\t\t\t\t\t\t<\/span>\n\t\t\t\t\t\t\t\t\t\t\t\t\t\t\t\t\t\t\t\t<\/a>\n\t\t\t\t\t\t\t\t\t\t\t\t\t\t\t\t\t\t\t\t\t\t\t\t\t\t\t\t\n\t\t\t\t\t\t\t\t<\/div>\n\n\t\t\t\t\t\t\t<\/td>\n\t\t\t\t\t\t\t\t\t\t\t\t\t\t\t\n                                <td colspan=\"\" rowspan=\"\" class=\"elementor-repeater-item-989d60b tmpcoder-table-td\">\n\t\t\t\t\t\t\t\t<div class=\"tmpcoder-td-content-wrapper \">\n\n\t\t\t\t\t\t\t\t\t\t\t\t\t\t\t\t\t\t\t\t\t\t\t\t\t\t\t\t\t<a href=\"https:\/\/support.templatescoder.com\/\" target=\"_blank\">\n\t\t\t\t\t\t\t\t\t \n\t\t\t\t\t\t\t\t\t\t\t<span class=\"tmpcoder-table-text\">\n\t\t\t\t\t\t\t\t\t\t\t\t8h45 \/ 12h\t\t\t\t\t\t\t\t\t\t\t<\/span>\n\t\t\t\t\t\t\t\t\t\t\t\t\t\t\t\t\t\t\t\t<\/a>\n\t\t\t\t\t\t\t\t\t\t\t\t\t\t\t\t\t\t\t\t\t\t\t\t\t\t\t\t\n\t\t\t\t\t\t\t\t<\/div>\n\n\t\t\t\t\t\t\t<\/td>\n\t\t\t\t\t\t\t\t\t\t\t\t\t\t\t\n                                <td colspan=\"\" rowspan=\"\" class=\"elementor-repeater-item-f5f9dce tmpcoder-table-td\">\n\t\t\t\t\t\t\t\t<div class=\"tmpcoder-td-content-wrapper \">\n\n\t\t\t\t\t\t\t\t\t\t\t\t\t\t\t\t\t\t\t\t\t\t\t\t\t\t\t\t\t<a href=\"https:\/\/support.templatescoder.com\/\" target=\"_blank\">\n\t\t\t\t\t\t\t\t\t \n\t\t\t\t\t\t\t\t\t\t\t<span class=\"tmpcoder-table-text\">\n\t\t\t\t\t\t\t\t\t\t\t\t13h30 \/ 16h30\t\t\t\t\t\t\t\t\t\t\t<\/span>\n\t\t\t\t\t\t\t\t\t\t\t\t\t\t\t\t\t\t\t\t<\/a>\n\t\t\t\t\t\t\t\t\t\t\t\t\t\t\t\t\t\t\t\t\t\t\t\t\t\t\t\t\n\t\t\t\t\t\t\t\t<\/div>\n\n\t\t\t\t\t\t\t<\/td>\n\t\t\t\t\t\t\t\t\t\t\t\t<\/tr>\n\t\t\t        \t\t\t\t\t<tr class=\"tmpcoder-table-body-row tmpcoder-table-row elementor-repeater-item-2dd2d96 tmpcoder-odd\">\t\t\t\t\t\t\t\t\t\t\t\t\t\n                                <td colspan=\"\" rowspan=\"\" class=\"elementor-repeater-item-d91b118 tmpcoder-table-td\">\n\t\t\t\t\t\t\t\t<div class=\"tmpcoder-td-content-wrapper \">\n\n\t\t\t\t\t\t\t\t\t\t\t\t\t\t\t\t\t\t\t\t\t\t\t\t\t\t\t\t\t<a href=\"https:\/\/support.templatescoder.com\/\" target=\"_blank\">\n\t\t\t\t\t\t\t\t\t \n\t\t\t\t\t\t\t\t\t\t\t<span class=\"tmpcoder-table-text\">\n\t\t\t\t\t\t\t\t\t\t\t\tJeudi\t\t\t\t\t\t\t\t\t\t\t<\/span>\n\t\t\t\t\t\t\t\t\t\t\t\t\t\t\t\t\t\t\t\t<\/a>\n\t\t\t\t\t\t\t\t\t\t\t\t\t\t\t\t\t\t\t\t\t\t\t\t\t\t\t\t\n\t\t\t\t\t\t\t\t<\/div>\n\n\t\t\t\t\t\t\t<\/td>\n\t\t\t\t\t\t\t\t\t\t\t\t\t\t\t\n                                <td colspan=\"\" rowspan=\"\" class=\"elementor-repeater-item-3b1efad tmpcoder-table-td\">\n\t\t\t\t\t\t\t\t<div class=\"tmpcoder-td-content-wrapper \">\n\n\t\t\t\t\t\t\t\t\t\t\t\t\t\t\t\t\t\t\t\t\t\t\t\t\t\t\t\t\t<a href=\"https:\/\/support.templatescoder.com\/\" target=\"_blank\">\n\t\t\t\t\t\t\t\t\t \n\t\t\t\t\t\t\t\t\t\t\t<span class=\"tmpcoder-table-text\">\n\t\t\t\t\t\t\t\t\t\t\t\t8h45 \/ 12h\t\t\t\t\t\t\t\t\t\t\t<\/span>\n\t\t\t\t\t\t\t\t\t\t\t\t\t\t\t\t\t\t\t\t<\/a>\n\t\t\t\t\t\t\t\t\t\t\t\t\t\t\t\t\t\t\t\t\t\t\t\t\t\t\t\t\n\t\t\t\t\t\t\t\t<\/div>\n\n\t\t\t\t\t\t\t<\/td>\n\t\t\t\t\t\t\t\t\t\t\t\t\t\t\t\n                                <td colspan=\"\" rowspan=\"\" class=\"elementor-repeater-item-d25ef71 tmpcoder-table-td\">\n\t\t\t\t\t\t\t\t<div class=\"tmpcoder-td-content-wrapper \">\n\n\t\t\t\t\t\t\t\t\t\t\t\t\t\t\t\t\t\t\t\t\t\t\t\t\t\t\t\t\t<a href=\"https:\/\/support.templatescoder.com\/\" target=\"_blank\">\n\t\t\t\t\t\t\t\t\t \n\t\t\t\t\t\t\t\t\t\t\t<span class=\"tmpcoder-table-text\">\n\t\t\t\t\t\t\t\t\t\t\t\t13h30 \/ 16h30\t\t\t\t\t\t\t\t\t\t\t<\/span>\n\t\t\t\t\t\t\t\t\t\t\t\t\t\t\t\t\t\t\t\t<\/a>\n\t\t\t\t\t\t\t\t\t\t\t\t\t\t\t\t\t\t\t\t\t\t\t\t\t\t\t\t\n\t\t\t\t\t\t\t\t<\/div>\n\n\t\t\t\t\t\t\t<\/td>\n\t\t\t\t\t\t\t\t\t\t\t\t<\/tr>\n\t\t\t        \t\t\t\t\t<tr class=\"tmpcoder-table-body-row tmpcoder-table-row elementor-repeater-item-4c2b90d tmpcoder-odd\">\t\t\t\t\t\t\t\t\t\t\t\t\t\n                                <td colspan=\"\" rowspan=\"\" class=\"elementor-repeater-item-039b2f8 tmpcoder-table-td\">\n\t\t\t\t\t\t\t\t<div class=\"tmpcoder-td-content-wrapper \">\n\n\t\t\t\t\t\t\t\t\t\t\t\t\t\t\t\t\t\t\t\t\t\t\t\t\t\t\t\t\t<a href=\"https:\/\/support.templatescoder.com\/\" target=\"_blank\">\n\t\t\t\t\t\t\t\t\t \n\t\t\t\t\t\t\t\t\t\t\t<span class=\"tmpcoder-table-text\">\n\t\t\t\t\t\t\t\t\t\t\t\tVendredi\t\t\t\t\t\t\t\t\t\t\t<\/span>\n\t\t\t\t\t\t\t\t\t\t\t\t\t\t\t\t\t\t\t\t<\/a>\n\t\t\t\t\t\t\t\t\t\t\t\t\t\t\t\t\t\t\t\t\t\t\t\t\t\t\t\t\n\t\t\t\t\t\t\t\t<\/div>\n\n\t\t\t\t\t\t\t<\/td>\n\t\t\t\t\t\t\t\t\t\t\t\t\t\t\t\n                                <td colspan=\"\" rowspan=\"\" class=\"elementor-repeater-item-446bce4 tmpcoder-table-td\">\n\t\t\t\t\t\t\t\t<div class=\"tmpcoder-td-content-wrapper \">\n\n\t\t\t\t\t\t\t\t\t\t\t\t\t\t\t\t\t\t\t\t\t\t\t\t\t\t\t\t\t<a href=\"https:\/\/support.templatescoder.com\/\" target=\"_blank\">\n\t\t\t\t\t\t\t\t\t \n\t\t\t\t\t\t\t\t\t\t\t<span class=\"tmpcoder-table-text\">\n\t\t\t\t\t\t\t\t\t\t\t\t8h45 \/ 12h\t\t\t\t\t\t\t\t\t\t\t<\/span>\n\t\t\t\t\t\t\t\t\t\t\t\t\t\t\t\t\t\t\t\t<\/a>\n\t\t\t\t\t\t\t\t\t\t\t\t\t\t\t\t\t\t\t\t\t\t\t\t\t\t\t\t\n\t\t\t\t\t\t\t\t<\/div>\n\n\t\t\t\t\t\t\t<\/td>\n\t\t\t\t\t\t\t\t\t\t\t\t\t\t\t\n                                <td colspan=\"\" rowspan=\"\" class=\"elementor-repeater-item-0345bc0 tmpcoder-table-td\">\n\t\t\t\t\t\t\t\t<div class=\"tmpcoder-td-content-wrapper \">\n\n\t\t\t\t\t\t\t\t\t\t\t\t\t\t\t\t\t\t\t\t\t\t\t\t\t\t\t\t\t<a href=\"https:\/\/support.templatescoder.com\/\" target=\"_blank\">\n\t\t\t\t\t\t\t\t\t \n\t\t\t\t\t\t\t\t\t\t\t<span class=\"tmpcoder-table-text\">\n\t\t\t\t\t\t\t\t\t\t\t\t13h30 \/ 16h30\t\t\t\t\t\t\t\t\t\t\t<\/span>\n\t\t\t\t\t\t\t\t\t\t\t\t\t\t\t\t\t\t\t\t<\/a>\n\t\t\t\t\t\t\t\t\t\t\t\t\t\t\t\t\t\t\t\t\t\t\t\t\t\t\t\t\n\t\t\t\t\t\t\t\t<\/div>\n\n\t\t\t\t\t\t\t<\/td>\n\t\t\t\t\t\t\t\t\t\t\t\t<\/tr>\n\t\t\t        \t\t\t\t<\/tbody>\n\t\t\t<\/table>\n\t\t<\/div>\n\t\t<\/div>\n    \t\t\t\t\t<\/div>\n\t\t\t\t<\/div>\n\t\t\t\t\t<\/div>\n\t\t\t\t<\/div>\n\t\t<div class=\"elementor-element elementor-element-708ad7f3 e-flex e-con-boxed tmpcoder-jarallax-no tmpcoder-parallax-no tmpcoder-particle-no tmpcoder-sticky-section-no e-con e-parent\" data-id=\"708ad7f3\" data-element_type=\"container\" data-e-type=\"container\">\n\t\t\t\t\t<div class=\"e-con-inner\">\n\t\t\t\t<div class=\"elementor-element elementor-element-1f27bf53 elementor-widget elementor-widget-text-editor\" data-id=\"1f27bf53\" data-element_type=\"widget\" data-e-type=\"widget\" data-widget_type=\"text-editor.default\">\n\t\t\t\t\t\t\t\t\t<p class=\"\"><strong>En maternelle<\/strong>, les enfants sont accueillis en classe \u00e0 partir de <u>8h35<\/u>, <u>dans la classe de PS-MS<\/u>. Le parent est tenu d\u2019accompagner son enfant jusqu\u2019\u00e0 la classe afin de le remettre \u00e0 l\u2019adulte de la classe.<\/p><p><strong>En classe de GS-CP et en primaire<\/strong>, les enfants sont accueillis en classe \u00e9galement \u00e0 partir de <strong>8h35<\/strong>.<\/p><p><strong>L\u2019apr\u00e8s-midi<\/strong>, l\u2019accueil se fait \u00e0 partir de <strong>13h20<\/strong> sur la cour maternelle et la cour primaire pour les enfants qui mangent \u00e0 la maison.<\/p><p>La sortie se fait aux deux portails \u00e0 <strong>16h30<\/strong>, le car pour la garderie municipale passe vers 16h40, tout enfant \u00e9tant sur la cour \u00e0 cette heure, sera conduit \u00e0 garderie municipale avec le car.<\/p>\t\t\t\t\t\t\t\t<\/div>\n\t\t\t\t\t<\/div>\n\t\t\t\t<\/div>\n\t\t\t\t<\/div>\n\t\t","protected":false},"excerpt":{"rendered":"<p>Les horaires Matin (accueil \u00e9chelonn\u00e9 en classe de 8h35 \u00e0 8h45 pour chaque classe) Apr\u00e8s-midi Lundi 8h45 \/ 12h 13h30 \/ 16h30 Mardi 8h45 \/ 12h 13h30 \/ 16h30 Jeudi 8h45 \/ 12h 13h30 \/ 16h30 Vendredi 8h45 \/ 12h 13h30 \/ 16h30 En maternelle, les enfants sont accueillis en classe \u00e0 partir de 8h35, [&hellip;]<\/p>\n","protected":false},"author":1,"featured_media":2410,"parent":0,"menu_order":0,"comment_status":"closed","ping_status":"closed","template":"elementor_header_footer","meta":{"footnotes":""},"class_list":["post-357","page","type-page","status-publish","has-post-thumbnail","hentry"],"_links":{"self":[{"href":"https:\/\/ecolesaintjosephlamartyre.com\/index.php\/wp-json\/wp\/v2\/pages\/357","targetHints":{"allow":["GET"]}}],"collection":[{"href":"https:\/\/ecolesaintjosephlamartyre.com\/index.php\/wp-json\/wp\/v2\/pages"}],"about":[{"href":"https:\/\/ecolesaintjosephlamartyre.com\/index.php\/wp-json\/wp\/v2\/types\/page"}],"author":[{"embeddable":true,"href":"https:\/\/ecolesaintjosephlamartyre.com\/index.php\/wp-json\/wp\/v2\/users\/1"}],"replies":[{"embeddable":true,"href":"https:\/\/ecolesaintjosephlamartyre.com\/index.php\/wp-json\/wp\/v2\/comments?post=357"}],"version-history":[{"count":0,"href":"https:\/\/ecolesaintjosephlamartyre.com\/index.php\/wp-json\/wp\/v2\/pages\/357\/revisions"}],"wp:featuredmedia":[{"embeddable":true,"href":"https:\/\/ecolesaintjosephlamartyre.com\/index.php\/wp-json\/wp\/v2\/media\/2410"}],"wp:attachment":[{"href":"https:\/\/ecolesaintjosephlamartyre.com\/index.php\/wp-json\/wp\/v2\/media?parent=357"}],"curies":[{"name":"wp","href":"https:\/\/api.w.org\/{rel}","templated":true}]}}